{"id":1143,"date":"2018-04-25T09:31:35","date_gmt":"2018-04-25T09:31:35","guid":{"rendered":"http:\/\/localhost\/quest\/?page_id=1143"},"modified":"2022-11-03T16:17:48","modified_gmt":"2022-11-03T16:17:48","slug":"impressum","status":"publish","type":"page","link":"https:\/\/ritter-steuerkanzlei.de\/de\/impressum\/","title":{"rendered":"Impressum"},"content":{"rendered":"<p>&nbsp;<\/p>\n<p><strong>Angaben gem\u00e4\u00df \u00a7 5 TMG<\/strong><\/p>\n<p>Susanne E. Ritter<br \/>\nSteuerkanzlei Ritter<br \/>\nEitel-Fritz-Str. 12<br \/>\n14129 Berlin<\/p>\n<p>&nbsp;<\/p>\n<p><strong>Kontakt<\/strong><br \/>\nTel.: + 49 30-804 98 49 30<br \/>\nFax: + 49 30-804 98 49 3<\/p>\n<p>E-Mail: <a href=\"mailto:buero@ritter-steuerkanzlei.de\">buero@ritter-steuerkanzlei.de<\/a><\/p>\n<p><a href=\"http:\/\/www.ritter-steuerkanzlei.de\">www.ritter-steuerkanzlei.de<\/a><\/p>\n<p>&nbsp;<\/p>\n<p><strong>Umsatzsteuer<br \/>\n<\/strong>Umsatzsteuer-Identifikationsnummer: DE 298514243<\/p>\n<p>&nbsp;<\/p>\n<p><strong>Aufsichtsbeh\u00f6rde<\/strong><br \/>\nSteuerberaterkammer Berlin<br \/>\nWichmannstra\u00dfe 6<br \/>\n10787 Berlin<\/p>\n<p>www.stbk-berlin.de<\/p>\n<p><strong>\u00a0<\/strong><\/p>\n<p><strong>Berufsbezeichnung und Zulassung<br \/>\n<\/strong>Susanne E. Ritter ist als Steuerberaterin bei der Steuerberaterkammer Berlin zugelassen.<\/p>\n<p>Zust\u00e4ndige Kammer: Steuerberaterkammer Berlin, K\u00f6rperschaft des \u00f6ffentlichen Rechts, Wichmannstr. 6, 10787 Berlin<\/p>\n<p>Die f\u00fcr Steuerberater ma\u00dfgeblichen\u00a0berufsrechtlichen Regelungen\u00a0 sind auf\u00a0der Homepage der\u00a0Bundessteuerberaterkammer unter <a href=\"http:\/\/www.bstbk.de\">www.bstbk.de<\/a> \u00a0in\u00a0der Rubrik \u201cDer Steuerberater\/ Berufsrecht\u201d einsehbar:<\/p>\n<ul>\n<li>StBerG -Steuerberatungsgesetz<\/li>\n<li>DVStB \u2013 Durchf\u00fchrungsverordnung zum Steuerberatungsgesetz<\/li>\n<li>BOStB \u2013 Berufsordnung der Bundessteuerberaterkammer<\/li>\n<li>StBGVV \u2013 Steuerberaterverg\u00fctungsverordnung<\/li>\n<\/ul>\n<p>&nbsp;<\/p>\n<p><strong>Angaben zur Berufshaftpflichtversicherung<br \/>\n<\/strong>Die gem. \u00a7 67 Steuerberatungsgesetz (StBerG) erforderliche Berufshaftpflichtversicherung besteht bei der Gothaer Allgemeine Versicherung AG in K\u00f6ln<\/p>\n<p>Der r\u00e4umliche Geltungsbereich der Versicherung erstreckt sich auf die Bundesrepublik Deutschland<\/p>\n<p>&nbsp;<\/p>\n<h1>Haftungsausschluss<\/h1>\n<p><strong>\u00a0<\/strong><\/p>\n<p><strong>Haftung f\u00fcr Inhalte<\/strong><br \/>\nAls Diensteanbieter sind wir gem\u00e4\u00df \u00a7 7 Abs.1 TMG f\u00fcr eigene Inhalte auf diesen Seiten nach den allgemeinen Gesetzen verantwortlich. Nach \u00a7\u00a7 8 bis 10 TMG sind wir als Diensteanbieter jedoch nicht verpflichtet, \u00fcbermittelte oder gespeicherte fremde Informationen zu \u00fcberwachen oder nach Umst\u00e4nden zu forschen, die auf eine rechtswidrige T\u00e4tigkeit hinweisen.<\/p>\n<p>Verpflichtungen zur Entfernung oder Sperrung der Nutzung von Informationen nach den allgemeinen Gesetzen bleiben hiervon unber\u00fchrt. Eine diesbez\u00fcgliche Haftung ist jedoch erst ab dem Zeitpunkt der Kenntnis einer konkreten Rechtsverletzung m\u00f6glich. Bei Bekanntwerden von entsprechenden Rechtsverletzungen werden wir diese Inhalte umgehend entfernen.<\/p>\n<p>&nbsp;<\/p>\n<p><strong>Haftung f\u00fcr Links<\/strong><br \/>\nUnser Angebot enth\u00e4lt Links zu externen Websites Dritter, auf deren Inhalte wir keinen Einfluss haben. Deshalb k\u00f6nnen wir f\u00fcr diese fremden Inhalte auch keine Gew\u00e4hr \u00fcbernehmen. F\u00fcr die Inhalte der verlinkten Seiten ist stets der jeweilige Anbieter oder Betreiber der Seiten verantwortlich. Die verlinkten Seiten wurden zum Zeitpunkt der Verlinkung auf m\u00f6gliche Rechtsverst\u00f6\u00dfe \u00fcberpr\u00fcft. Rechtswidrige Inhalte waren zum Zeitpunkt der Verlinkung nicht erkennbar.<\/p>\n<p>Eine permanente inhaltliche Kontrolle der verlinkten Seiten ist jedoch ohne konkrete Anhaltspunkte einer Rechtsverletzung nicht zumutbar. Bei Bekanntwerden von Rechtsverletzungen werden wir derartige Links umgehend entfernen.<\/p>\n<p>&nbsp;<\/p>\n<p><strong>Urheberrecht<br \/>\n<\/strong>Die durch die Seitenbetreiber erstellten Inhalte und Werke auf diesen Seiten unterliegen dem deutschen Urheberrecht. Die Vervielf\u00e4ltigung, Bearbeitung, Verbreitung und jede Art der Verwertung au\u00dferhalb der Grenzen des Urheberrechtes bed\u00fcrfen der schriftlichen Zustimmung des jeweiligen Autors bzw. Erstellers. Downloads und Kopien dieser Seite sind nur f\u00fcr den privaten, nicht kommerziellen Gebrauch gestattet.<\/p>\n<p>Soweit die Inhalte auf dieser Seite nicht vom Betreiber erstellt wurden, werden die Urheberrechte Dritter beachtet. Insbesondere werden Inhalte Dritter als solche gekennzeichnet. Sollten Sie trotzdem auf eine Urheberrechtsverletzung aufmerksam werden, bitten wir um einen entsprechenden Hinweis. Bei Bekanntwerden von Rechtsverletzungen werden wir derartige Inhalte umgehend entfernen.<\/p>\n<p>Website Gestaltung: <a href=\"https:\/\/helder.design\/\" target=\"_blank\" rel=\"noopener\">Corporate Design Agentur Helder<\/a><\/p>","protected":false},"excerpt":{"rendered":"<p>&nbsp; Angaben gem\u00e4\u00df \u00a7 5 TMG Susanne E. Ritter Steuerkanzlei Ritter Eitel-Fritz-Str. 12 14129 Berlin &nbsp; Kontakt Tel.: + 49&#8230;<\/p>\n","protected":false},"author":1,"featured_media":0,"parent":0,"menu_order":1,"comment_status":"closed","ping_status":"closed","template":"","meta":{"_acf_changed":false,"inline_featured_image":false,"footnotes":""},"class_list":["post-1143","page","type-page","status-publish","hentry"],"acf":[],"_links":{"self":[{"href":"https:\/\/ritter-steuerkanzlei.de\/de\/wp-json\/wp\/v2\/pages\/1143","targetHints":{"allow":["GET"]}}],"collection":[{"href":"https:\/\/ritter-steuerkanzlei.de\/de\/wp-json\/wp\/v2\/pages"}],"about":[{"href":"https:\/\/ritter-steuerkanzlei.de\/de\/wp-json\/wp\/v2\/types\/page"}],"author":[{"embeddable":true,"href":"https:\/\/ritter-steuerkanzlei.de\/de\/wp-json\/wp\/v2\/users\/1"}],"replies":[{"embeddable":true,"href":"https:\/\/ritter-steuerkanzlei.de\/de\/wp-json\/wp\/v2\/comments?post=1143"}],"version-history":[{"count":20,"href":"https:\/\/ritter-steuerkanzlei.de\/de\/wp-json\/wp\/v2\/pages\/1143\/revisions"}],"predecessor-version":[{"id":1518,"href":"https:\/\/ritter-steuerkanzlei.de\/de\/wp-json\/wp\/v2\/pages\/1143\/revisions\/1518"}],"wp:attachment":[{"href":"https:\/\/ritter-steuerkanzlei.de\/de\/wp-json\/wp\/v2\/media?parent=1143"}],"curies":[{"name":"wp","href":"https:\/\/api.w.org\/{rel}","templated":true}]}}